{"id":3,"date":"2021-02-16T17:21:37","date_gmt":"2021-02-16T17:21:37","guid":{"rendered":"http:\/\/46.4.121.70\/~hanshenr\/kcc\/?page_id=3"},"modified":"2024-02-18T14:48:46","modified_gmt":"2024-02-18T14:48:46","slug":"vedtaegter","status":"publish","type":"page","link":"https:\/\/karamojachildcare.com\/?page_id=3","title":{"rendered":"Vedt\u00e6gter\u00a0"},"content":{"rendered":"\n<p><strong>Karamoja Child Care (KCC)<\/strong><\/p>\n\n\n\n<p id=\"vedt\u00e6gter\"><strong>(rev. Oktober 2020)<\/strong><\/p>\n\n\n\n<p><strong><em>\u00a71&nbsp; Form\u00e5l<\/em><\/strong><\/p>\n\n\n\n<p>Foreningen har til form\u00e5l at yde \u00f8konomisk st\u00f8tte til for\u00e6ldrel\u00f8se og andre udsatte b\u00f8rn i Karamoja-regionen i det Nord\u00f8stlige Uganda. Foreningen samarbejder med de lokale initiativer Moroto Child Care Center (MCCC), som er et b\u00f8rnehjem for piger, og Karamoja Child Care Organisation (KACCO), som er et stipendieprogram. Foreningen samler l\u00f8bende penge ind til skolepenge, daglige forn\u00f8denheder og projekter, der skaber indkomst lokalt til de frivillige ved MCCC og KACCO.<\/p>\n\n\n\n<p><strong><em>\u00a72&nbsp; Hjemsted<\/em><\/strong><\/p>\n\n\n\n<p>K\u00f8benhavn.<\/p>\n\n\n\n<p><strong><em>\u00a73&nbsp; Optagelsesbetingelser<\/em><\/strong><\/p>\n\n\n\n<p>Foreningen er \u00e5ben for alle, der vil bidrage positivt til foreningens form\u00e5l. Eventuelle eksklusioner af medlemmer vil blive besluttet p\u00e5 Generalforsamlingen&nbsp;&nbsp;<\/p>\n\n\n\n<p><strong><em>\u00a74&nbsp; Kontingent<\/em><\/strong><\/p>\n\n\n\n<p>Medlemskontingenter, enkeltdonationer, virksomhedsdonationer samt succesfulde fondsans\u00f8gninger udg\u00f8r fundingen til KCC. Der sendes afregning efter g\u00e6ldende regler i de involverede lande. Medlemmer kan til enhver tid udbede sig indblik i, hvad pengene er g\u00e5et til.<\/p>\n\n\n\n<p>Administrationen af kontingenterne og kontakten til samarbejdspartnere foreg\u00e5r p\u00e5 frivillig basis. Foreningen oplyser ved ethvert regnskab, hvor meget g\u00e5r til administration. Bel\u00f8bene bliver s\u00e5 vidt som muligt afsendt i puljer af st\u00f8rre bel\u00f8b for at minimere udgifterne til bankgebyrer.<\/p>\n\n\n\n<p><strong><em>\u00a75&nbsp; Generalforsamling<\/em><\/strong><\/p>\n\n\n\n<p>\u00a75.1 Generalforsamlingen er foreningens \u00f8verste myndighed.<\/p>\n\n\n\n<p>\u00a75.2 Generalforsamlingen holdes hvert andet \u00e5r i slutningen af oktober eller starten af november.<\/p>\n\n\n\n<p>\u00a75.3 Der indkaldes til generalforsamling seneste en m\u00e5ned inden. Indkaldelsen vil ske per mail\/facebook\/messenger udsendt af administratoren.<\/p>\n\n\n\n<p>\u00a75.4 Alle medlemmer har stemmeret.<\/p>\n\n\n\n<p>\u00a75.5 Dagsorden for generalforsamlingen skal minimum indeholde:<\/p>\n\n\n\n<ol class=\"wp-block-list\">\n<li>Valg af dirigent.<\/li>\n\n\n\n<li>Valg af referent.<\/li>\n\n\n\n<li>Administrators beretning.<\/li>\n\n\n\n<li>Freml\u00e6ggelse\/godkendelse af regnskab.<\/li>\n\n\n\n<li>Valg af administrator, kasserer, 2. kasserer, mv.<\/li>\n\n\n\n<li>Indkomne forslag.<\/li>\n\n\n\n<li>Eventuelt.<\/li>\n<\/ol>\n\n\n\n<p>\u00a75.6 Ekstraordin\u00e6re generalforsamlinger kan indkaldes af administrator og kasserer eller p\u00e5 anmodning af mindst tre medlemmer. Indkaldelse af ekstraordin\u00e6r generalforsamling skal ske udelukkende, hvis problematikken\/forslaget\/osv. ikke kan vente til den ordin\u00e6re generalforsamling. Indkaldelsen skal ske mindst en m\u00e5ned inden afholdelse.&nbsp;&nbsp;<\/p>\n\n\n\n<p><strong><em>\u00a76&nbsp; Ledelsesform<\/em><\/strong><\/p>\n\n\n\n<p>Foreningen har en bestyrelse, hvor formand, kasserer og 2. kasserer v\u00e6lges p\u00e5 Generalforsamlingen hvert andet \u00e5r. Derudover er der menige bestyrelsesmedlemmer. Bestyrelsen konstituerer derudover sig selv.&nbsp;<\/p>\n\n\n\n<p>Der afholdes m\u00f8der hver 2. \u2013 3. m\u00e5ned, hvor beslutninger tr\u00e6ffes og nye ideer freml\u00e6gges. Samtaler kan ligeledes foreg\u00e5 p\u00e5 Karamoja Child Care\u2019s facebook-side, hvor beslutninger ogs\u00e5 kan tr\u00e6ffes med flertal.&nbsp;&nbsp;<\/p>\n\n\n\n<p><strong><em>\u00a77&nbsp; Regnskab<\/em><\/strong><\/p>\n\n\n\n<p>Regnskabsperioden g\u00e5r fra februar til februar over en et-\u00e5rig periode. Det godkendes af generalforsamlingen efter en pr\u00e6sentation fra foreningens revisor.<\/p>\n\n\n\n<p><strong><em>\u00a78&nbsp; Tegningsregler.<\/em><\/strong><\/p>\n\n\n\n<p>Overf\u00f8relser af pengebel\u00f8b til projektet er godkendelsesberettiget, dvs. der skal godkendes af mindst to p\u00e5 Netbank. Hvis anden overf\u00f8rselsform anvendes, s\u00e5som MoneyGram, skal der ligge aftale herop p\u00e5 skrift (SMS, mail, etc.)<\/p>\n\n\n\n<p><strong><em>\u00a79&nbsp; Vedt\u00e6gts\u00e6ndringer.<\/em><\/strong><\/p>\n\n\n\n<p>\u00c6ndringer i vedt\u00e6gterne besluttes af et flertal p\u00e5 generalforsamlingen. Fuldmagt kan gives til afstemning. Forslag til \u00e6ndringerne skal indsendes senest en uge inden generalforsamlingen<\/p>\n\n\n\n<p><strong><em>\u00a710 Opl\u00f8sning.<\/em><\/strong><\/p>\n\n\n\n<p>Opl\u00f8sning af foreningen sker efter afstemning p\u00e5 generalforsamling med 2\/3 flertal, hvor mindst halvdelen af medlemmerne er repr\u00e6senteret ved tilstedev\u00e6relse eller ved fuldmagt.<\/p>\n\n\n\n<p>I tilf\u00e6lde af overskud p\u00e5 kontoen ved opl\u00f8sning overg\u00e5r restbel\u00f8bet til MCCC og KACCO, hvorefter afregningen sendes til medlemmerne efter h\u00f8jst tre m\u00e5neder.&nbsp;&nbsp;<\/p>\n\n\n\n<p><\/p>\n","protected":false},"excerpt":{"rendered":"<p>Karamoja Child Care (KCC) (rev. Oktober 2020) \u00a71&nbsp; Form\u00e5l Foreningen har til form\u00e5l at yde \u00f8konomisk st\u00f8tte til for\u00e6ldrel\u00f8se og andre udsatte b\u00f8rn i Karamoja-regionen i det Nord\u00f8stlige Uganda. Foreningen samarbejder med de lokale initiativer Moroto Child Care Center (MCCC), som er et b\u00f8rnehjem for piger, og Karamoja Child Care Organisation (KACCO), som er et [&hellip;]<\/p>\n","protected":false},"author":1,"featured_media":0,"parent":0,"menu_order":0,"comment_status":"closed","ping_status":"closed","template":"","meta":{"footnotes":""},"class_list":["post-3","page","type-page","status-publish","hentry"],"_links":{"self":[{"href":"https:\/\/karamojachildcare.com\/index.php?rest_route=\/wp\/v2\/pages\/3","targetHints":{"allow":["GET"]}}],"collection":[{"href":"https:\/\/karamojachildcare.com\/index.php?rest_route=\/wp\/v2\/pages"}],"about":[{"href":"https:\/\/karamojachildcare.com\/index.php?rest_route=\/wp\/v2\/types\/page"}],"author":[{"embeddable":true,"href":"https:\/\/karamojachildcare.com\/index.php?rest_route=\/wp\/v2\/users\/1"}],"replies":[{"embeddable":true,"href":"https:\/\/karamojachildcare.com\/index.php?rest_route=%2Fwp%2Fv2%2Fcomments&post=3"}],"version-history":[{"count":2,"href":"https:\/\/karamojachildcare.com\/index.php?rest_route=\/wp\/v2\/pages\/3\/revisions"}],"predecessor-version":[{"id":116,"href":"https:\/\/karamojachildcare.com\/index.php?rest_route=\/wp\/v2\/pages\/3\/revisions\/116"}],"wp:attachment":[{"href":"https:\/\/karamojachildcare.com\/index.php?rest_route=%2Fwp%2Fv2%2Fmedia&parent=3"}],"curies":[{"name":"wp","href":"https:\/\/api.w.org\/{rel}","templated":true}]}}